{"id":7914,"date":"2022-05-21T16:37:07","date_gmt":"2022-05-21T15:37:07","guid":{"rendered":"https:\/\/www.cat-int.org\/?page_id=7914"},"modified":"2024-06-24T15:09:24","modified_gmt":"2024-06-24T14:09:24","slug":"nos-formations","status":"publish","type":"page","link":"https:\/\/www.cat-int.org\/index.php\/accueil\/actualites\/nos-formations\/","title":{"rendered":"Les formations du CAT"},"content":{"rendered":"<p>[vc_row css=&nbsp;&raquo;.vc_custom_1653148745940{margin-top: 0px !important;margin-bottom: 0px !important;border-top-width: 0px !important;border-bottom-width: 0px !important;padding-top: 0px !important;padding-bottom: 0px !important;}&nbsp;&raquo;][vc_column width=&nbsp;&raquo;1\/6&Prime;][\/vc_column][vc_column width=&nbsp;&raquo;2\/3&Prime;]<header class=\"thememount-heading-wrapper thememount-heading-wrapper-align-center\"><div class=\"thememount-heading-wrapper-inner\"><h3 class=\"thememount-heading-align-center\"><span>Les formations du CAT<\/span><\/h3><\/div><\/header>[vc_single_image image=&nbsp;&raquo;9607&Prime; img_size=&nbsp;&raquo;full&nbsp;&raquo; alignment=&nbsp;&raquo;center&nbsp;&raquo; css=&nbsp;&raquo;.vc_custom_1719237325082{margin-top: 0px !important;border-top-width: 0px !important;padding-top: 0px !important;}&nbsp;&raquo;][\/vc_column][vc_column width=&nbsp;&raquo;1\/6&Prime;][\/vc_column][\/vc_row][vc_row css=&nbsp;&raquo;.vc_custom_1653148775239{margin-top: 0px !important;margin-bottom: 0px !important;border-top-width: 0px !important;border-bottom-width: 0px !important;padding-top: 0px !important;padding-bottom: 0px !important;}&nbsp;&raquo;][vc_column width=&nbsp;&raquo;1\/6&Prime;][\/vc_column][vc_column width=&nbsp;&raquo;2\/3&Prime;][vc_single_image image=&nbsp;&raquo;9608&Prime; img_size=&nbsp;&raquo;full&nbsp;&raquo; alignment=&nbsp;&raquo;center&nbsp;&raquo;][vc_single_image image=&nbsp;&raquo;9609&Prime; img_size=&nbsp;&raquo;full&nbsp;&raquo; alignment=&nbsp;&raquo;center&nbsp;&raquo;][vc_single_image image=&nbsp;&raquo;9610&Prime; img_size=&nbsp;&raquo;full&nbsp;&raquo; alignment=&nbsp;&raquo;center&nbsp;&raquo;][\/vc_column][vc_column width=&nbsp;&raquo;1\/6&Prime;][\/vc_column][\/vc_row][vc_row][vc_column width=&nbsp;&raquo;1\/6&Prime;][\/vc_column][vc_column width=&nbsp;&raquo;2\/3&Prime;]<header class=\"thememount-heading-wrapper thememount-heading-wrapper-align-center\"><div class=\"thememount-heading-wrapper-inner\"><h2 class=\"thememount-heading-align-center\"><span>D\u00e9p\u00f4t de candidature et conditions<\/span><\/h2><\/div><\/header>[vc_column_text]<\/p>\n<ul>\n<li>\n<h5>Les membres du CAT peuvent assister gratuitement \u00e0 l&rsquo;ensemble de nos formations. Pour d\u00e9couvrir les autres avantages et devenir membre, cliquez\u00a0<a href=\"https:\/\/www.cat-int.org\/index.php\/membership-join\/\">ici.<\/a><\/h5>\n<\/li>\n<\/ul>\n<p>[\/vc_column_text][vc_column_text]<\/p>\n<ul>\n<li>\n<h5>Le d\u00e9p\u00f4t de candidature s&rsquo;effectue en m\u00eame temps que le paiement et directement sur la plateforme Hello Asso. La candidature de chaque participant sera alors examin\u00e9e par le bureau du Centre d\u2019Analyse du Terrorisme qui, apr\u00e8s l\u2019examen complet du formulaire d\u2019adh\u00e9sion, se positionnera positivement ou n\u00e9gativement. La d\u00e9cision du bureau \u00e9tant discr\u00e9tionnaire, le bureau n\u2019a pas \u00e0 faire conna\u00eetre les raisons \u00e0 l\u2019int\u00e9ress\u00e9. En cas de refus, les frais d&rsquo;inscriptions au cycle de formations sont imm\u00e9diatement rembours\u00e9s.<\/h5>\n<\/li>\n<\/ul>\n<p>[\/vc_column_text][vc_column_text]<\/p>\n<ul>\n<li>\n<h5>Les modalit\u00e9s d&rsquo;acc\u00e8s aux formations seront ensuite communiqu\u00e9es aux participants.<\/h5>\n<\/li>\n<\/ul>\n<p>L\u2019\u00e9quipe du Centre d\u2019Analyse du Terrorisme reste disponible via l\u2019adresse mail membership@cat-int.org pour toute question.[\/vc_column_text][\/vc_column][vc_column width=&nbsp;&raquo;1\/6&Prime;][\/vc_column][\/vc_row][vc_row][vc_column][vc_wp_text]<iframe id=\"haWidget\" style=\"width: 100%; height: 750px; border: none;\" src=\"https:\/\/www.helloasso.com\/associations\/les-ambassadeurs-de-la-jeunesse\/evenements\/lutte-contre-le-terrorisme-cadre-juridique-et-enjeux-de-cooperation\/widget\" scrolling=\"auto\"><\/iframe>[\/vc_wp_text][\/vc_column][\/vc_row]<\/p>\n","protected":false},"excerpt":{"rendered":"<p>[vc_row css=&nbsp;&raquo;.vc_custom_1653148745940{margin-top: 0px !important;margin-bottom: 0px !important;border-top-width: 0px !important;border-bottom-width: 0px !important;padding-top: 0px !important;padding-bottom: 0px !important;}&nbsp;&raquo;][vc_column width=&nbsp;&raquo;1\/6&Prime;][\/vc_column][vc_column width=&nbsp;&raquo;2\/3&Prime;][vc_single_image image=&nbsp;&raquo;9607&Prime; img_size=&nbsp;&raquo;full&nbsp;&raquo; alignment=&nbsp;&raquo;center&nbsp;&raquo; css=&nbsp;&raquo;.vc_custom_1719237325082{margin-top: 0px !important;border-top-width: 0px !important;padding-top: 0px !important;}&nbsp;&raquo;][\/vc_column][vc_column width=&nbsp;&raquo;1\/6&Prime;][\/vc_column][\/vc_row][vc_row css=&nbsp;&raquo;.vc_custom_1653148775239{margin-top: 0px !important;margin-bottom: 0px !important;border-top-width: 0px !important;border-bottom-width: 0px !important;padding-top: 0px !important;padding-bottom: 0px !important;}&nbsp;&raquo;][vc_column width=&nbsp;&raquo;1\/6&Prime;][\/vc_column][vc_column width=&nbsp;&raquo;2\/3&Prime;][vc_single_image image=&nbsp;&raquo;9608&Prime; img_size=&nbsp;&raquo;full&nbsp;&raquo; alignment=&nbsp;&raquo;center&nbsp;&raquo;][vc_single_image image=&nbsp;&raquo;9609&Prime; img_size=&nbsp;&raquo;full&nbsp;&raquo; alignment=&nbsp;&raquo;center&nbsp;&raquo;][vc_single_image image=&nbsp;&raquo;9610&Prime; img_size=&nbsp;&raquo;full&nbsp;&raquo; alignment=&nbsp;&raquo;center&nbsp;&raquo;][\/vc_column][vc_column width=&nbsp;&raquo;1\/6&Prime;][\/vc_column][\/vc_row][vc_row][vc_column width=&nbsp;&raquo;1\/6&Prime;][\/vc_column][vc_column width=&nbsp;&raquo;2\/3&Prime;][vc_column_text] Les [&hellip;]<\/p>\n","protected":false},"author":3,"featured_media":0,"parent":2079,"menu_order":1,"comment_status":"closed","ping_status":"closed","template":"","meta":[],"_links":{"self":[{"href":"https:\/\/www.cat-int.org\/index.php\/wp-json\/wp\/v2\/pages\/7914"}],"collection":[{"href":"https:\/\/www.cat-int.org\/index.php\/wp-json\/wp\/v2\/pages"}],"about":[{"href":"https:\/\/www.cat-int.org\/index.php\/wp-json\/wp\/v2\/types\/page"}],"author":[{"embeddable":true,"href":"https:\/\/www.cat-int.org\/index.php\/wp-json\/wp\/v2\/users\/3"}],"replies":[{"embeddable":true,"href":"https:\/\/www.cat-int.org\/index.php\/wp-json\/wp\/v2\/comments?post=7914"}],"version-history":[{"count":54,"href":"https:\/\/www.cat-int.org\/index.php\/wp-json\/wp\/v2\/pages\/7914\/revisions"}],"predecessor-version":[{"id":9617,"href":"https:\/\/www.cat-int.org\/index.php\/wp-json\/wp\/v2\/pages\/7914\/revisions\/9617"}],"up":[{"embeddable":true,"href":"https:\/\/www.cat-int.org\/index.php\/wp-json\/wp\/v2\/pages\/2079"}],"wp:attachment":[{"href":"https:\/\/www.cat-int.org\/index.php\/wp-json\/wp\/v2\/media?parent=7914"}],"curies":[{"name":"wp","href":"https:\/\/api.w.org\/{rel}","templated":true}]}}