{"id":2595,"date":"2016-02-14T16:30:56","date_gmt":"2016-02-14T15:30:56","guid":{"rendered":"http:\/\/cat-int.net\/?page_id=2595"},"modified":"2021-11-01T20:26:50","modified_gmt":"2021-11-01T19:26:50","slug":"soutenez-nous","status":"publish","type":"page","link":"https:\/\/www.cat-int.org\/index.php\/accueil\/le-cat\/soutenez-nous\/","title":{"rendered":"Soutenez-nous"},"content":{"rendered":"<p style=\"text-align: center;\">Le Centre d&rsquo;Analyse du Terrorisme est un think tank ind\u00e9pendant qui a \u00e9t\u00e9 cr\u00e9\u00e9 et existe gr\u00e2ce au soutien de personnes physiques ou morales, et dispose du statut d&rsquo;association loi 1901 \u00e0 but non lucratif. Vos dons, contributions et subventions sont enti\u00e8rement consacr\u00e9s au fonctionnement et au d\u00e9ploiement de ses activit\u00e9s : la recherche et l&rsquo;analyse sur le terrorisme, son financement, et les strat\u00e9gies de r\u00e9ponse, la constitution d&rsquo;une plateforme d&rsquo;information sur le terrorisme, et le d\u00e9veloppement d&rsquo;une force de proposition \u00e0 l&rsquo;\u00e9gard des pouvoirs publics et institutions europ\u00e9ennes en mati\u00e8re de lutte contre le terrorisme.<\/p>\n<div dir=\"ltr\" style=\"text-align: center;\"><span style=\"color: #333333;\">Soutenez notre effort et notre action<\/p>\n<p><\/span><\/div>\n<div dir=\"ltr\" style=\"text-align: center;\"><iframe loading=\"lazy\" id=\"haWidget\" style=\"width: 100%; height: 750px; border: none;\" src=\"https:\/\/www.helloasso.com\/associations\/centre-d-analyse-du-terrorisme\/formulaires\/1\/widget\" width=\"300\" height=\"150\" scrolling=\"auto\"><\/iframe><\/div>\n","protected":false},"excerpt":{"rendered":"<p>Le Centre d&rsquo;Analyse du Terrorisme est un think tank ind\u00e9pendant qui a \u00e9t\u00e9 cr\u00e9\u00e9 et existe gr\u00e2ce au soutien de personnes physiques ou morales, et dispose du statut d&rsquo;association loi 1901 \u00e0 but non lucratif. Vos dons, contributions et subventions sont enti\u00e8rement consacr\u00e9s au fonctionnement et au d\u00e9ploiement de ses activit\u00e9s : la recherche et [&hellip;]<\/p>\n","protected":false},"author":1,"featured_media":0,"parent":2251,"menu_order":4,"comment_status":"closed","ping_status":"closed","template":"","meta":[],"_links":{"self":[{"href":"https:\/\/www.cat-int.org\/index.php\/wp-json\/wp\/v2\/pages\/2595"}],"collection":[{"href":"https:\/\/www.cat-int.org\/index.php\/wp-json\/wp\/v2\/pages"}],"about":[{"href":"https:\/\/www.cat-int.org\/index.php\/wp-json\/wp\/v2\/types\/page"}],"author":[{"embeddable":true,"href":"https:\/\/www.cat-int.org\/index.php\/wp-json\/wp\/v2\/users\/1"}],"replies":[{"embeddable":true,"href":"https:\/\/www.cat-int.org\/index.php\/wp-json\/wp\/v2\/comments?post=2595"}],"version-history":[{"count":18,"href":"https:\/\/www.cat-int.org\/index.php\/wp-json\/wp\/v2\/pages\/2595\/revisions"}],"predecessor-version":[{"id":4629,"href":"https:\/\/www.cat-int.org\/index.php\/wp-json\/wp\/v2\/pages\/2595\/revisions\/4629"}],"up":[{"embeddable":true,"href":"https:\/\/www.cat-int.org\/index.php\/wp-json\/wp\/v2\/pages\/2251"}],"wp:attachment":[{"href":"https:\/\/www.cat-int.org\/index.php\/wp-json\/wp\/v2\/media?parent=2595"}],"curies":[{"name":"wp","href":"https:\/\/api.w.org\/{rel}","templated":true}]}}